{"id":100,"date":"2025-12-08T17:13:03","date_gmt":"2025-12-08T17:13:03","guid":{"rendered":"https:\/\/peakworks.fi\/?page_id=100"},"modified":"2025-12-08T17:34:01","modified_gmt":"2025-12-08T17:34:01","slug":"yrityksen-sivu","status":"publish","type":"page","link":"https:\/\/peakworks.fi\/","title":{"rendered":"Yrityksen sivu"},"content":{"rendered":"\t\t<div data-elementor-type=\"wp-page\" data-elementor-id=\"100\" class=\"elementor elementor-100\" data-elementor-post-type=\"page\">\n\t\t\t\t\t\t<section class=\"elementor-section elementor-top-section elementor-element elementor-element-7a29487d elementor-section-boxed elementor-section-height-default elementor-section-height-default\" data-id=\"7a29487d\" data-element_type=\"section\" data-e-type=\"section\">\n\t\t\t\t\t\t<div class=\"elementor-container elementor-column-gap-default\">\n\t\t\t\t\t<div class=\"elementor-column elementor-col-100 elementor-top-column elementor-element elementor-element-55f3612d\" data-id=\"55f3612d\" data-element_type=\"column\" data-e-type=\"column\">\n\t\t\t<div class=\"elementor-widget-wrap elementor-element-populated\">\n\t\t\t\t\t\t<div class=\"elementor-element elementor-element-3f3b04e7 elementor-widget elementor-widget-heading\" data-id=\"3f3b04e7\" data-element_type=\"widget\" data-e-type=\"widget\" data-widget_type=\"heading.default\">\n\t\t\t\t\t<h1 class=\"elementor-heading-title elementor-size-default\">Kiinteist\u00f6huollon luotettava kumppani Yll\u00e4ksell\u00e4<\/h1>\t\t\t\t<\/div>\n\t\t\t\t<div class=\"elementor-element elementor-element-45726a19 elementor-widget elementor-widget-text-editor\" data-id=\"45726a19\" data-element_type=\"widget\" data-e-type=\"widget\" data-widget_type=\"text-editor.default\">\n\t\t\t\t\t\t\t\t\t<p>Huolehdimme m\u00f6keist\u00e4 ja kiinteist\u00f6ist\u00e4 \u2013 nopeasti, joustavasti ja luotettavasti.<\/p>\t\t\t\t\t\t\t\t<\/div>\n\t\t\t\t<div class=\"elementor-element elementor-element-21f72982 elementor-align-center elementor-widget elementor-widget-button\" data-id=\"21f72982\" data-element_type=\"widget\" data-e-type=\"widget\" data-widget_type=\"button.default\">\n\t\t\t\t\t\t\t\t\t\t<a class=\"elementor-button elementor-button-link elementor-size-sm\" href=\"mailto:info@peakworks.fi?subject=Yhteydenotto%20PeakWorks-sivuilta\" target=\"_blank\">\n\t\t\t\t\t\t<span class=\"elementor-button-content-wrapper\">\n\t\t\t\t\t\t\t\t\t<span class=\"elementor-button-text\">Ota yhteytt\u00e4<\/span>\n\t\t\t\t\t<\/span>\n\t\t\t\t\t<\/a>\n\t\t\t\t\t\t\t\t<\/div>\n\t\t\t\t\t<\/div>\n\t\t<\/div>\n\t\t\t\t\t<\/div>\n\t\t<\/section>\n\t\t\t\t<section class=\"elementor-section elementor-top-section elementor-element elementor-element-77001aec elementor-section-boxed elementor-section-height-default elementor-section-height-default\" data-id=\"77001aec\" data-element_type=\"section\" data-e-type=\"section\">\n\t\t\t\t\t\t<div class=\"elementor-container elementor-column-gap-default\">\n\t\t\t\t\t<div class=\"elementor-column elementor-col-100 elementor-top-column elementor-element elementor-element-3ab0da4\" data-id=\"3ab0da4\" data-element_type=\"column\" data-e-type=\"column\">\n\t\t\t<div class=\"elementor-widget-wrap elementor-element-populated\">\n\t\t\t\t\t\t<div class=\"elementor-element elementor-element-42df3499 elementor-widget elementor-widget-heading\" data-id=\"42df3499\" data-element_type=\"widget\" data-e-type=\"widget\" data-widget_type=\"heading.default\">\n\t\t\t\t\t<h2 class=\"elementor-heading-title elementor-size-default\">PeakWorks Oy <\/h2>\t\t\t\t<\/div>\n\t\t\t\t<div class=\"elementor-element elementor-element-619c27e0 elementor-widget elementor-widget-text-editor\" data-id=\"619c27e0\" data-element_type=\"widget\" data-e-type=\"widget\" data-widget_type=\"text-editor.default\">\n\t\t\t\t\t\t\t\t\t<p>PeakWorks Oy tarjoaa kiinteist\u00f6huollon palveluita Yll\u00e4ksen alueella vahvalla paikallistuntemuksella.<br \/>Asiakkainamme ovat m\u00f6kinomistajat ja yritykset.<br \/>Toimimme nopeasti, joustavasti ja luotettavasti \u2013 ymp\u00e4ri vuoden.<\/p>\t\t\t\t\t\t\t\t<\/div>\n\t\t\t\t\t<\/div>\n\t\t<\/div>\n\t\t\t\t\t<\/div>\n\t\t<\/section>\n\t\t\t\t<section class=\"elementor-section elementor-top-section elementor-element elementor-element-194d8c4f elementor-section-boxed elementor-section-height-default elementor-section-height-default\" data-id=\"194d8c4f\" data-element_type=\"section\" data-e-type=\"section\">\n\t\t\t\t\t\t<div class=\"elementor-container elementor-column-gap-default\">\n\t\t\t\t\t<div class=\"elementor-column elementor-col-100 elementor-top-column elementor-element elementor-element-1cf1fb06\" data-id=\"1cf1fb06\" data-element_type=\"column\" data-e-type=\"column\">\n\t\t\t<div class=\"elementor-widget-wrap elementor-element-populated\">\n\t\t\t\t\t\t<div class=\"elementor-element elementor-element-5ccd0aad elementor-widget elementor-widget-heading\" data-id=\"5ccd0aad\" data-element_type=\"widget\" data-e-type=\"widget\" data-widget_type=\"heading.default\">\n\t\t\t\t\t<h2 class=\"elementor-heading-title elementor-size-default\">Palvelumme<\/h2>\t\t\t\t<\/div>\n\t\t\t\t<div class=\"elementor-element elementor-element-750855eb elementor-widget elementor-widget-text-editor\" data-id=\"750855eb\" data-element_type=\"widget\" data-e-type=\"widget\" data-widget_type=\"text-editor.default\">\n\t\t\t\t\t\t\t\t\t<p><strong>\ud83d\udee0\ufe0f Kiinteist\u00f6huolto, tarkastukset sek\u00e4 pienet korjausty\u00f6t<\/strong><\/p><p><b>\u2744\ufe0f Lumity\u00f6t koneella ja k\u00e4sin<\/b><\/p><p><strong style=\"font-family: -apple-system, BlinkMacSystemFont, 'Segoe UI', Roboto, 'Helvetica Neue', Arial, 'Noto Sans', sans-serif, 'Apple Color Emoji', 'Segoe UI Emoji', 'Segoe UI Symbol', 'Noto Color Emoji';\"> \ud83d\udcde P\u00e4ivystys 24h<\/strong><\/p><p><strong>\ud83d\udca7Ulkoporealtaiden yll\u00e4pitoty\u00f6t<\/strong><\/p>\t\t\t\t\t\t\t\t<\/div>\n\t\t\t\t\t<\/div>\n\t\t<\/div>\n\t\t\t\t\t<\/div>\n\t\t<\/section>\n\t\t\t\t<section class=\"elementor-section elementor-top-section elementor-element elementor-element-5daf979b elementor-section-boxed elementor-section-height-default elementor-section-height-default\" data-id=\"5daf979b\" data-element_type=\"section\" data-e-type=\"section\">\n\t\t\t\t\t\t<div class=\"elementor-container elementor-column-gap-default\">\n\t\t\t\t\t<div class=\"elementor-column elementor-col-100 elementor-top-column elementor-element elementor-element-7c154f71\" data-id=\"7c154f71\" data-element_type=\"column\" data-e-type=\"column\">\n\t\t\t<div class=\"elementor-widget-wrap elementor-element-populated\">\n\t\t\t\t\t\t<div class=\"elementor-element elementor-element-37d1f51f elementor-widget elementor-widget-heading\" data-id=\"37d1f51f\" data-element_type=\"widget\" data-e-type=\"widget\" data-widget_type=\"heading.default\">\n\t\t\t\t\t<h2 class=\"elementor-heading-title elementor-size-default\">Ota yhteytt\u00e4<\/h2>\t\t\t\t<\/div>\n\t\t\t\t<div class=\"elementor-element elementor-element-3470f862 elementor-widget elementor-widget-text-editor\" data-id=\"3470f862\" data-element_type=\"widget\" data-e-type=\"widget\" data-widget_type=\"text-editor.default\">\n\t\t\t\t\t\t\t\t\t<p>PeakWorks Oy<br \/>\u00c4k\u00e4sentie 3A, 95970 \u00c4k\u00e4slompolo<\/p><p>\u2709\ufe0f info@peakworks.fi<br \/><strong style=\"font-family: -apple-system, BlinkMacSystemFont, 'Segoe UI', Roboto, 'Helvetica Neue', Arial, 'Noto Sans', sans-serif, 'Apple Color Emoji', 'Segoe UI Emoji', 'Segoe UI Symbol', 'Noto Color Emoji';\">\ud83d\udcde<\/strong> 040 515 6165<\/p>\t\t\t\t\t\t\t\t<\/div>\n\t\t\t\t\t<\/div>\n\t\t<\/div>\n\t\t\t\t\t<\/div>\n\t\t<\/section>\n\t\t\t\t<\/div>\n\t\t","protected":false},"excerpt":{"rendered":"<p>Kiinteist\u00f6huollon luotettava kumppani Yll\u00e4ksell\u00e4 Huolehdimme m\u00f6keist\u00e4 ja kiinteist\u00f6ist\u00e4 \u2013 nopeasti, joustavasti ja luotettavasti. Ota yhteytt\u00e4 PeakWorks Oy PeakWorks Oy tarjoaa kiinteist\u00f6huollon palveluita Yll\u00e4ksen alueella vahvalla paikallistuntemuksella.Asiakkainamme ovat m\u00f6kinomistajat ja yritykset.Toimimme nopeasti, joustavasti ja luotettavasti \u2013 ymp\u00e4ri vuoden. Palvelumme \ud83d\udee0\ufe0f Kiinteist\u00f6huolto, tarkastukset sek\u00e4 pienet korjausty\u00f6t \u2744\ufe0f Lumity\u00f6t koneella ja k\u00e4sin \ud83d\udcde P\u00e4ivystys 24h \ud83d\udca7Ulkoporealtaiden yll\u00e4pitoty\u00f6t Ota [&hellip;]<\/p>\n","protected":false},"author":1,"featured_media":0,"parent":0,"menu_order":0,"comment_status":"closed","ping_status":"closed","template":"","meta":{"footnotes":""},"class_list":["post-100","page","type-page","status-publish","hentry"],"_links":{"self":[{"href":"https:\/\/peakworks.fi\/index.php\/wp-json\/wp\/v2\/pages\/100","targetHints":{"allow":["GET"]}}],"collection":[{"href":"https:\/\/peakworks.fi\/index.php\/wp-json\/wp\/v2\/pages"}],"about":[{"href":"https:\/\/peakworks.fi\/index.php\/wp-json\/wp\/v2\/types\/page"}],"author":[{"embeddable":true,"href":"https:\/\/peakworks.fi\/index.php\/wp-json\/wp\/v2\/users\/1"}],"replies":[{"embeddable":true,"href":"https:\/\/peakworks.fi\/index.php\/wp-json\/wp\/v2\/comments?post=100"}],"version-history":[{"count":10,"href":"https:\/\/peakworks.fi\/index.php\/wp-json\/wp\/v2\/pages\/100\/revisions"}],"predecessor-version":[{"id":113,"href":"https:\/\/peakworks.fi\/index.php\/wp-json\/wp\/v2\/pages\/100\/revisions\/113"}],"wp:attachment":[{"href":"https:\/\/peakworks.fi\/index.php\/wp-json\/wp\/v2\/media?parent=100"}],"curies":[{"name":"wp","href":"https:\/\/api.w.org\/{rel}","templated":true}]}}